{"id":2603,"date":"2024-08-07T09:41:30","date_gmt":"2024-08-07T06:41:30","guid":{"rendered":"https:\/\/saaremaaopera.com\/2023-2\/"},"modified":"2025-07-02T14:55:46","modified_gmt":"2025-07-02T11:55:46","slug":"2023-2","status":"publish","type":"page","link":"https:\/\/saaremaaopera.com\/en\/history\/2023-2\/","title":{"rendered":"2023"},"content":{"rendered":"<div class=\"wpb-content-wrapper\"><p>[vc_row padding_top_multiplier=&#8221;&#8221;][vc_column rc_heading_color=&#8221;primary-1&#8243;]<h3 class=\"eut-element eut-title eut-align-inherit eut-h3\" style=\"margin-bottom: 0px;\"><span>Saaremaa Opera Festival 2023<\/span><\/h3><div class=\"eut-element eut-title eut-align-inherit eut-h6\" style=\"\"><span>25\u201330 July<\/span><\/div>[\/vc_column][\/vc_row][vc_row padding_top_multiplier=&#8221;&#8221;][vc_column][vc_custom_heading text=&#8221;MAIN ARTIST&#8221; font_container=&#8221;tag:h5|font_size:14px|text_align:left|line_height:14px&#8221; google_fonts=&#8221;font_family:Roboto%3A100%2C100italic%2C300%2C300italic%2Cregular%2Citalic%2C500%2C500italic%2C700%2C700italic%2C900%2C900italic|font_style:400%20regular%3A400%3Anormal&#8221; css=&#8221;.vc_custom_1685270826349{margin-bottom: 5px !important;}&#8221;]<h5 class=\"eut-element eut-title eut-align-inherit eut-h5\" style=\"margin-bottom: 5px;\"><span>The Maria Bie\u0219u National Opera and Ballet Theatre<\/span><\/h5><div class=\"eut-empty-space eut-height-1x\" style=\"\"><\/div>[vc_column_text]<strong>The Maria Bie\u0219u National Opera and Ballet Theatre<\/strong> (Teatrul Na\u0163ional de Oper\u0103 \u015fi Balet \u201eMaria Bie\u0219u\u201d din Republica Moldova) in Chi\u015fin\u0103u, Moldova, is one of the leading opera and ballet theatres in Eastern Europe. It is known and appreciated for being the outstanding initiator and promoter of the values of fine arts and artists who have established international careers.<\/p>\n<p>The story of the theatre, formerly known as Moldovan State Opera and Ballet Theatre began in 1957. Over the years, the theatre has stayed true to its values and mission to express and promote artistic excellence. For that, the productions have been appreciated by the people of the Republic of Moldova and in many other countries, i.e. France, Spain, Germany, Italy, Great Britain, Romania, Portugal, Russia, Laos, Thailand, and many more. In addition to the opera and ballet troupes, the theatre has a symphony orchestra and a choir.[\/vc_column_text]<div class=\"eut-empty-space eut-height-1x\" style=\"\"><\/div>[vc_column_text]<a href=\"https:\/\/saaremaaopera.com\/en\/sop2023_kavaraamat-2\/\"><strong>PROGRAM BOOK pdf<\/strong><\/a>[\/vc_column_text][\/vc_column][\/vc_row][vc_row][vc_column width=&#8221;2\/3&#8243; content_width=&#8221;95&#8243;][vc_column_text]<\/p>\n<h6>25 July 8 PM Kuressaare Castle Opera Hall<\/h6>\n<h4>TURANDOT<\/h4>\n<p><strong>G. Puccini<\/strong><br \/>\nConductor <strong>Nicolae Dohotaru<\/strong>, Stage director <strong>Rodica Pichyreanu<\/strong><\/p>\n<h6>26 July 8 PM Kuressaare Castle Opera Hall<\/h6>\n<h4>LA BOH\u00c8ME<\/h4>\n<p><strong>G. Puccini<\/strong><br \/>\nConductor and music director <strong>Nicolae Dohotaru<\/strong>, Stage director <strong>Rodica Pichyreanu<\/strong><\/p>\n<h6>27 July 8 PM Kuressaare Castle Opera Hall<\/h6>\n<h4>SWAN LAKE<\/h4>\n<p><strong>P. T\u0161aikovski<\/strong><br \/>\nConductor <strong>Svetlana Popov<\/strong>, Choreography <strong>Marius Petipa, Lev Ivanov<\/strong><\/p>\n<h6>28 July 8 PM Kuressaare Castle Opera Hall<\/h6>\n<h4>AIDA<\/h4>\n<p><strong>G. Verdi<\/strong><br \/>\nConductor <strong>Nicolae Dohotaru<\/strong>, Stage director <strong>Rodica Pichyreanu<\/strong><\/p>\n<h6>28 July 23 PM Kuressaare Castle Midnight Lounge<\/h6>\n<h4>OPERA ROYAL<\/h4>\n<p><strong>Funkifize \u2013 Lauri Pihlap\/Marianne Leibur<\/strong><\/p>\n<h6>29 July 8 PM Kuressaare Castle Opera Hall<\/h6>\n<h4>OPERA AND BALLET GALA<\/h4>\n<p>Symphony orchestra, ballet troupe, mixed choir and soloists of the Maria Bie\u0219u National Opera and Ballet Theatre.<br \/>\nConductor <strong>Denis Ceausov<\/strong>, Stage director <strong> Rodica Pichyreanu<br \/>\n<\/strong><\/p>\n<h6>29 July 23 PM Kuressaare Castle Midnight Lounge<\/h6>\n<h4>OPERA ROYAL<\/h4>\n<p><strong>TRIBUTE TO BEE GEES<\/strong><br \/>\n<strong>Rolf Roosalu<\/strong> live-b\u00e4nd<\/p>\n<h6>30 July 2 PM Kuressaare Castle Opera Hall<\/h6>\n<h4>CHILDREN\u2019S BALLET GALA<\/h4>\n<p><strong>TALLINN BALLET GALA JUNIOR<\/strong><br \/>\nYoung ballet artists and students from ballet schools will participate in the Tallinn International Ballet Masterclass.<br \/>\nArtistic director <strong>Kaie K\u00f5rb<\/strong>[\/vc_column_text]<div class=\"eut-empty-space eut-height-1x\" style=\"\"><\/div>[\/vc_column][vc_column width=&#8221;1\/3&#8243;]<div class=\"eut-element eut-gallery eut-isotope eut-gallery-popup eut-with-gap\" style=\"\" data-columns=\"2\" data-columns-large-screen=\"2\" data-columns-tablet-landscape=\"2\" data-columns-tablet-portrait=\"2\" data-columns-mobile=\"1\" data-layout=\"fitRows\" data-gutter-size=\"5\">  <div class=\"eut-isotope-container\"><div class=\"eut-isotope-item eut-hover-item eut-hover-style-none\">  <figure class=\"eut-image-hover\"><a class=\"eut-item-url\" href=\"https:\/\/saaremaaopera.com\/wp-content\/uploads\/2023\/08\/SOP-2023-gala_1_foto-Gunnar-Laak.jpg\"  data-size=\"1080x720\"><\/a><div class=\"eut-hover-overlay eut-bg-dark eut-opacity-40\"><\/div><div class=\"eut-media\"><div class=\"eut-thumbnail-wrapper\"><div class=\"eut-thumbnail\"  style=\"padding-top: 100%;\"><img loading=\"lazy\" decoding=\"async\" width=\"560\" height=\"560\" src=\"https:\/\/saaremaaopera.com\/wp-content\/uploads\/2023\/08\/SOP-2023-gala_1_foto-Gunnar-Laak-560x560.jpg\" class=\"attachment-crocal-eutf-small-square size-crocal-eutf-small-square\" alt=\"\" data-lazyload=\"auto\" data-eutf-filter=\"yes\" srcset=\"https:\/\/saaremaaopera.com\/wp-content\/uploads\/2023\/08\/SOP-2023-gala_1_foto-Gunnar-Laak-560x560.jpg 560w, https:\/\/saaremaaopera.com\/wp-content\/uploads\/2023\/08\/SOP-2023-gala_1_foto-Gunnar-Laak-150x150.jpg 150w\" sizes=\"auto, (max-width: 560px) 100vw, 560px\" \/><\/div><\/div><\/div>  <\/figure><\/div>  <\/div><\/div>[\/vc_column][\/vc_row]<\/p>\n<\/div>","protected":false},"excerpt":{"rendered":"<p>[vc_row padding_top_multiplier=&#8221;&#8221;][vc_column rc_heading_color=&#8221;primary-1&#8243;][\/vc_column][\/vc_row][vc_row padding_top_multiplier=&#8221;&#8221;][vc_column][vc_custom_heading text=&#8221;MAIN ARTIST&#8221; font_container=&#8221;tag:h5|font_size:14px|text_align:left|line_height:14px&#8221; google_fonts=&#8221;font_family:Roboto%3A100%2C100italic%2C300%2C300italic%2Cregular%2Citalic%2C500%2C500italic%2C700%2C700italic%2C900%2C900italic|font_style:400%20regular%3A400%3Anormal&#8221; css=&#8221;.vc_custom_1685270826349{margin-bottom: 5px !important;}&#8221;][vc_column_text]The Maria Bie\u0219u National Opera and Ballet Theatre (Teatrul Na\u0163ional de Oper\u0103 \u015fi Balet \u201eMaria Bie\u0219u\u201d din Republica Moldova) in Chi\u015fin\u0103u, Moldova, is one of the leading opera and ballet theatres in Eastern Europe. It is known and appreciated for being the outstanding initiator and&hellip; <a class=\"continue\" href=\"https:\/\/saaremaaopera.com\/en\/history\/2023-2\/\">Continue Reading<span> 2023<\/span><\/a><\/p>\n","protected":false},"author":2,"featured_media":0,"parent":1376,"menu_order":0,"comment_status":"closed","ping_status":"closed","template":"","meta":{"footnotes":""},"class_list":["post-2603","page","type-page","status-publish","hentry"],"yoast_head":"<!-- This site is optimized with the Yoast SEO plugin v27.3 - https:\/\/yoast.com\/product\/yoast-seo-wordpress\/ -->\n<title>2023 - Saaremaa ooperip&auml;evad<\/title>\n<meta name=\"robots\" content=\"index, follow, max-snippet:-1, max-image-preview:large, max-video-preview:-1\" \/>\n<link rel=\"canonical\" href=\"https:\/\/saaremaaopera.com\/en\/history\/2023-2\/\" \/>\n<meta property=\"og:locale\" content=\"en_US\" \/>\n<meta property=\"og:type\" content=\"article\" \/>\n<meta property=\"og:title\" content=\"2023 - Saaremaa ooperip&auml;evad\" \/>\n<meta property=\"og:description\" content=\"[vc_row padding_top_multiplier=&#8221;&#8221;][vc_column rc_heading_color=&#8221;primary-1&#8243;][\/vc_column][\/vc_row][vc_row padding_top_multiplier=&#8221;&#8221;][vc_column][vc_custom_heading text=&#8221;MAIN ARTIST&#8221; font_container=&#8221;tag:h5|font_size:14px|text_align:left|line_height:14px&#8221; google_fonts=&#8221;font_family:Roboto%3A100%2C100italic%2C300%2C300italic%2Cregular%2Citalic%2C500%2C500italic%2C700%2C700italic%2C900%2C900italic|font_style:400%20regular%3A400%3Anormal&#8221; css=&#8221;.vc_custom_1685270826349{margin-bottom: 5px !important;}&#8221;][vc_column_text]The Maria Bie\u0219u National Opera and Ballet Theatre (Teatrul Na\u0163ional de Oper\u0103 \u015fi Balet \u201eMaria Bie\u0219u\u201d din Republica Moldova) in Chi\u015fin\u0103u, Moldova, is one of the leading opera and ballet theatres in Eastern Europe. It is known and appreciated for being the outstanding initiator and&hellip; Continue Reading 2023\" \/>\n<meta property=\"og:url\" content=\"https:\/\/saaremaaopera.com\/en\/history\/2023-2\/\" \/>\n<meta property=\"og:site_name\" content=\"Saaremaa ooperip&auml;evad\" \/>\n<meta property=\"article:publisher\" content=\"https:\/\/www.facebook.com\/saaremaaopera\" \/>\n<meta property=\"article:modified_time\" content=\"2025-07-02T11:55:46+00:00\" \/>\n<meta name=\"twitter:card\" content=\"summary_large_image\" \/>\n<meta name=\"twitter:label1\" content=\"Est. reading time\" \/>\n\t<meta name=\"twitter:data1\" content=\"3 minutes\" \/>\n<script type=\"application\/ld+json\" class=\"yoast-schema-graph\">{\"@context\":\"https:\\\/\\\/schema.org\",\"@graph\":[{\"@type\":\"WebPage\",\"@id\":\"https:\\\/\\\/saaremaaopera.com\\\/en\\\/history\\\/2023-2\\\/\",\"url\":\"https:\\\/\\\/saaremaaopera.com\\\/en\\\/history\\\/2023-2\\\/\",\"name\":\"2023 - Saaremaa ooperip&auml;evad\",\"isPartOf\":{\"@id\":\"https:\\\/\\\/saaremaaopera.com\\\/#website\"},\"datePublished\":\"2024-08-07T06:41:30+00:00\",\"dateModified\":\"2025-07-02T11:55:46+00:00\",\"breadcrumb\":{\"@id\":\"https:\\\/\\\/saaremaaopera.com\\\/en\\\/history\\\/2023-2\\\/#breadcrumb\"},\"inLanguage\":\"en-US\",\"potentialAction\":[{\"@type\":\"ReadAction\",\"target\":[\"https:\\\/\\\/saaremaaopera.com\\\/en\\\/history\\\/2023-2\\\/\"]}]},{\"@type\":\"BreadcrumbList\",\"@id\":\"https:\\\/\\\/saaremaaopera.com\\\/en\\\/history\\\/2023-2\\\/#breadcrumb\",\"itemListElement\":[{\"@type\":\"ListItem\",\"position\":1,\"name\":\"Home\",\"item\":\"https:\\\/\\\/saaremaaopera.com\\\/en\\\/\"},{\"@type\":\"ListItem\",\"position\":2,\"name\":\"History\",\"item\":\"https:\\\/\\\/saaremaaopera.com\\\/en\\\/history\\\/\"},{\"@type\":\"ListItem\",\"position\":3,\"name\":\"2023\"}]},{\"@type\":\"WebSite\",\"@id\":\"https:\\\/\\\/saaremaaopera.com\\\/#website\",\"url\":\"https:\\\/\\\/saaremaaopera.com\\\/\",\"name\":\"Saaremaa ooperip&auml;evad\",\"description\":\"18.&ndash;25. juuli 2026\",\"publisher\":{\"@id\":\"https:\\\/\\\/saaremaaopera.com\\\/#organization\"},\"potentialAction\":[{\"@type\":\"SearchAction\",\"target\":{\"@type\":\"EntryPoint\",\"urlTemplate\":\"https:\\\/\\\/saaremaaopera.com\\\/?s={search_term_string}\"},\"query-input\":{\"@type\":\"PropertyValueSpecification\",\"valueRequired\":true,\"valueName\":\"search_term_string\"}}],\"inLanguage\":\"en-US\"},{\"@type\":\"Organization\",\"@id\":\"https:\\\/\\\/saaremaaopera.com\\\/#organization\",\"name\":\"Saaremaa ooperip&auml;evad\",\"url\":\"https:\\\/\\\/saaremaaopera.com\\\/\",\"logo\":{\"@type\":\"ImageObject\",\"inLanguage\":\"en-US\",\"@id\":\"https:\\\/\\\/saaremaaopera.com\\\/#\\\/schema\\\/logo\\\/image\\\/\",\"url\":\"https:\\\/\\\/saaremaaopera.com\\\/wp-content\\\/uploads\\\/2023\\\/05\\\/SOP_Logo.png\",\"contentUrl\":\"https:\\\/\\\/saaremaaopera.com\\\/wp-content\\\/uploads\\\/2023\\\/05\\\/SOP_Logo.png\",\"width\":551,\"height\":551,\"caption\":\"Saaremaa ooperip&auml;evad\"},\"image\":{\"@id\":\"https:\\\/\\\/saaremaaopera.com\\\/#\\\/schema\\\/logo\\\/image\\\/\"},\"sameAs\":[\"https:\\\/\\\/www.facebook.com\\\/saaremaaopera\",\"https:\\\/\\\/www.instagram.com\\\/saaremaaopera\\\/\"]}]}<\/script>\n<!-- \/ Yoast SEO plugin. -->","yoast_head_json":{"title":"2023 - Saaremaa ooperip&auml;evad","robots":{"index":"index","follow":"follow","max-snippet":"max-snippet:-1","max-image-preview":"max-image-preview:large","max-video-preview":"max-video-preview:-1"},"canonical":"https:\/\/saaremaaopera.com\/en\/history\/2023-2\/","og_locale":"en_US","og_type":"article","og_title":"2023 - Saaremaa ooperip&auml;evad","og_description":"[vc_row padding_top_multiplier=&#8221;&#8221;][vc_column rc_heading_color=&#8221;primary-1&#8243;][\/vc_column][\/vc_row][vc_row padding_top_multiplier=&#8221;&#8221;][vc_column][vc_custom_heading text=&#8221;MAIN ARTIST&#8221; font_container=&#8221;tag:h5|font_size:14px|text_align:left|line_height:14px&#8221; google_fonts=&#8221;font_family:Roboto%3A100%2C100italic%2C300%2C300italic%2Cregular%2Citalic%2C500%2C500italic%2C700%2C700italic%2C900%2C900italic|font_style:400%20regular%3A400%3Anormal&#8221; css=&#8221;.vc_custom_1685270826349{margin-bottom: 5px !important;}&#8221;][vc_column_text]The Maria Bie\u0219u National Opera and Ballet Theatre (Teatrul Na\u0163ional de Oper\u0103 \u015fi Balet \u201eMaria Bie\u0219u\u201d din Republica Moldova) in Chi\u015fin\u0103u, Moldova, is one of the leading opera and ballet theatres in Eastern Europe. It is known and appreciated for being the outstanding initiator and&hellip; Continue Reading 2023","og_url":"https:\/\/saaremaaopera.com\/en\/history\/2023-2\/","og_site_name":"Saaremaa ooperip&auml;evad","article_publisher":"https:\/\/www.facebook.com\/saaremaaopera","article_modified_time":"2025-07-02T11:55:46+00:00","twitter_card":"summary_large_image","twitter_misc":{"Est. reading time":"3 minutes"},"schema":{"@context":"https:\/\/schema.org","@graph":[{"@type":"WebPage","@id":"https:\/\/saaremaaopera.com\/en\/history\/2023-2\/","url":"https:\/\/saaremaaopera.com\/en\/history\/2023-2\/","name":"2023 - Saaremaa ooperip&auml;evad","isPartOf":{"@id":"https:\/\/saaremaaopera.com\/#website"},"datePublished":"2024-08-07T06:41:30+00:00","dateModified":"2025-07-02T11:55:46+00:00","breadcrumb":{"@id":"https:\/\/saaremaaopera.com\/en\/history\/2023-2\/#breadcrumb"},"inLanguage":"en-US","potentialAction":[{"@type":"ReadAction","target":["https:\/\/saaremaaopera.com\/en\/history\/2023-2\/"]}]},{"@type":"BreadcrumbList","@id":"https:\/\/saaremaaopera.com\/en\/history\/2023-2\/#breadcrumb","itemListElement":[{"@type":"ListItem","position":1,"name":"Home","item":"https:\/\/saaremaaopera.com\/en\/"},{"@type":"ListItem","position":2,"name":"History","item":"https:\/\/saaremaaopera.com\/en\/history\/"},{"@type":"ListItem","position":3,"name":"2023"}]},{"@type":"WebSite","@id":"https:\/\/saaremaaopera.com\/#website","url":"https:\/\/saaremaaopera.com\/","name":"Saaremaa ooperip&auml;evad","description":"18.&ndash;25. juuli 2026","publisher":{"@id":"https:\/\/saaremaaopera.com\/#organization"},"potentialAction":[{"@type":"SearchAction","target":{"@type":"EntryPoint","urlTemplate":"https:\/\/saaremaaopera.com\/?s={search_term_string}"},"query-input":{"@type":"PropertyValueSpecification","valueRequired":true,"valueName":"search_term_string"}}],"inLanguage":"en-US"},{"@type":"Organization","@id":"https:\/\/saaremaaopera.com\/#organization","name":"Saaremaa ooperip&auml;evad","url":"https:\/\/saaremaaopera.com\/","logo":{"@type":"ImageObject","inLanguage":"en-US","@id":"https:\/\/saaremaaopera.com\/#\/schema\/logo\/image\/","url":"https:\/\/saaremaaopera.com\/wp-content\/uploads\/2023\/05\/SOP_Logo.png","contentUrl":"https:\/\/saaremaaopera.com\/wp-content\/uploads\/2023\/05\/SOP_Logo.png","width":551,"height":551,"caption":"Saaremaa ooperip&auml;evad"},"image":{"@id":"https:\/\/saaremaaopera.com\/#\/schema\/logo\/image\/"},"sameAs":["https:\/\/www.facebook.com\/saaremaaopera","https:\/\/www.instagram.com\/saaremaaopera\/"]}]}},"_links":{"self":[{"href":"https:\/\/saaremaaopera.com\/en\/wp-json\/wp\/v2\/pages\/2603","targetHints":{"allow":["GET"]}}],"collection":[{"href":"https:\/\/saaremaaopera.com\/en\/wp-json\/wp\/v2\/pages"}],"about":[{"href":"https:\/\/saaremaaopera.com\/en\/wp-json\/wp\/v2\/types\/page"}],"author":[{"embeddable":true,"href":"https:\/\/saaremaaopera.com\/en\/wp-json\/wp\/v2\/users\/2"}],"replies":[{"embeddable":true,"href":"https:\/\/saaremaaopera.com\/en\/wp-json\/wp\/v2\/comments?post=2603"}],"version-history":[{"count":12,"href":"https:\/\/saaremaaopera.com\/en\/wp-json\/wp\/v2\/pages\/2603\/revisions"}],"predecessor-version":[{"id":3312,"href":"https:\/\/saaremaaopera.com\/en\/wp-json\/wp\/v2\/pages\/2603\/revisions\/3312"}],"up":[{"embeddable":true,"href":"https:\/\/saaremaaopera.com\/en\/wp-json\/wp\/v2\/pages\/1376"}],"wp:attachment":[{"href":"https:\/\/saaremaaopera.com\/en\/wp-json\/wp\/v2\/media?parent=2603"}],"curies":[{"name":"wp","href":"https:\/\/api.w.org\/{rel}","templated":true}]}}